{"id":5826,"date":"2017-03-26T10:28:12","date_gmt":"2017-03-26T07:28:12","guid":{"rendered":"https:\/\/www.varo-inform.com\/?page_id=5826"},"modified":"2023-11-29T17:33:35","modified_gmt":"2023-11-29T14:33:35","slug":"business-pages","status":"publish","type":"page","link":"https:\/\/www.varo-inform.com\/ro\/proiecte-informationale\/business-pages\/","title":{"rendered":"Business Pages"},"content":{"rendered":"<h1><span style=\"font-size: 18pt;\">Edi\u021bie specializat\u0103 despre \u0219i pentru afaceri<\/span><\/h1>\n<p>Aici ve\u021bi g\u0103si cele mai recente \u0219tiri din domeniul industrial, financiar \u0219i economic din Moldova, precum \u0219i cele mai recente analize ale evenimentelor actuale din \u021bar\u0103. Sarcina redac\u021biei este de a informa mediul de afaceri despre \u0219tirile business \u0219i economico-financiare, ceea ce \u00eei afecteaz\u0103 activitatea. \u00cen baza acestora, omul de afaceri poate lua decizii corecte, bazate pe informa\u021bii fiabile \u0219i de calitate.<\/p>\n<p>Informa\u021bia este prezentat\u0103 \u00een formate de \u0219tiri, articole, interviuri, opinii exper\u021bilor, rezumatele s\u0103pt\u0103m\u00e2nale, video, infografice. Se public\u0103 pe portalul YBP \u0219i se distribuie \u00een re\u021belele de socializare FB, Telegram, YouTube, Instagram, TikTok, Podbean, Google Podcast, Apple Podcast.<\/p>\n","protected":false},"excerpt":{"rendered":"<p>Edi\u021bie specializat\u0103 despre \u0219i pentru afaceri Aici ve\u021bi g\u0103si cele mai recente \u0219tiri din domeniul industrial, financiar \u0219i economic din Moldova, precum \u0219i cele mai recente analize ale evenimentelor actuale [&hellip;]<\/p>\n<p><a href=\"https:\/\/www.varo-inform.com\/ro\/proiecte-informationale\/business-pages\/\" class=\"more-link style1-button\">Read More<\/a><\/p>","protected":false},"author":1,"featured_media":6013,"parent":4927,"menu_order":0,"comment_status":"closed","ping_status":"closed","template":"template-default.php","meta":{"_acf_changed":false,"footnotes":""},"class_list":["post-5826","page","type-page","status-publish","has-post-thumbnail","hentry"],"acf":[],"yoast_head":"<!-- This site is optimized with the Yoast SEO plugin v24.7 - https:\/\/yoast.com\/wordpress\/plugins\/seo\/ -->\n<title>Business Pages - Varo-Inform<\/title>\n<meta name=\"robots\" content=\"index, follow, max-snippet:-1, max-image-preview:large, max-video-preview:-1\" \/>\n<link rel=\"canonical\" href=\"https:\/\/www.varo-inform.com\/ro\/proiecte-informationale\/business-pages\/\" \/>\n<meta property=\"og:locale\" content=\"ro_RO\" \/>\n<meta property=\"og:type\" content=\"article\" \/>\n<meta property=\"og:title\" content=\"Business Pages - Varo-Inform\" \/>\n<meta property=\"og:description\" content=\"Edi\u021bie specializat\u0103 despre \u0219i pentru afaceri Aici ve\u021bi g\u0103si cele mai recente \u0219tiri din domeniul industrial, financiar \u0219i economic din Moldova, precum \u0219i cele mai recente analize ale evenimentelor actuale [&hellip;]\" \/>\n<meta property=\"og:url\" content=\"https:\/\/www.varo-inform.com\/ro\/proiecte-informationale\/business-pages\/\" \/>\n<meta property=\"og:site_name\" content=\"Varo-Inform\" \/>\n<meta property=\"article:publisher\" content=\"https:\/\/www.facebook.com\/varoinformsrl\/\" \/>\n<meta property=\"article:modified_time\" content=\"2023-11-29T14:33:35+00:00\" \/>\n<meta property=\"og:image\" content=\"https:\/\/www.varo-inform.com\/wp-content\/uploads\/2021\/12\/Business_Pages_ico1_3.png\" \/>\n\t<meta property=\"og:image:width\" content=\"1350\" \/>\n\t<meta property=\"og:image:height\" content=\"737\" \/>\n\t<meta property=\"og:image:type\" content=\"image\/png\" \/>\n<meta name=\"twitter:card\" content=\"summary_large_image\" \/>\n<meta name=\"twitter:label1\" content=\"Timp estimat pentru citire\" \/>\n\t<meta name=\"twitter:data1\" content=\"1 minut\" \/>\n<script type=\"application\/ld+json\" class=\"yoast-schema-graph\">{\"@context\":\"https:\/\/schema.org\",\"@graph\":[{\"@type\":\"WebPage\",\"@id\":\"https:\/\/www.varo-inform.com\/ro\/proiecte-informationale\/business-pages\/\",\"url\":\"https:\/\/www.varo-inform.com\/ro\/proiecte-informationale\/business-pages\/\",\"name\":\"Business Pages - Varo-Inform\",\"isPartOf\":{\"@id\":\"https:\/\/www.varo-inform.com\/#website\"},\"primaryImageOfPage\":{\"@id\":\"https:\/\/www.varo-inform.com\/ro\/proiecte-informationale\/business-pages\/#primaryimage\"},\"image\":{\"@id\":\"https:\/\/www.varo-inform.com\/ro\/proiecte-informationale\/business-pages\/#primaryimage\"},\"thumbnailUrl\":\"https:\/\/www.varo-inform.com\/wp-content\/uploads\/2023\/11\/slider-bp.jpg\",\"datePublished\":\"2017-03-26T07:28:12+00:00\",\"dateModified\":\"2023-11-29T14:33:35+00:00\",\"breadcrumb\":{\"@id\":\"https:\/\/www.varo-inform.com\/ro\/proiecte-informationale\/business-pages\/#breadcrumb\"},\"inLanguage\":\"ro-RO\",\"potentialAction\":[{\"@type\":\"ReadAction\",\"target\":[\"https:\/\/www.varo-inform.com\/ro\/proiecte-informationale\/business-pages\/\"]}]},{\"@type\":\"ImageObject\",\"inLanguage\":\"ro-RO\",\"@id\":\"https:\/\/www.varo-inform.com\/ro\/proiecte-informationale\/business-pages\/#primaryimage\",\"url\":\"https:\/\/www.varo-inform.com\/wp-content\/uploads\/2023\/11\/slider-bp.jpg\",\"contentUrl\":\"https:\/\/www.varo-inform.com\/wp-content\/uploads\/2023\/11\/slider-bp.jpg\",\"width\":1920,\"height\":1280},{\"@type\":\"BreadcrumbList\",\"@id\":\"https:\/\/www.varo-inform.com\/ro\/proiecte-informationale\/business-pages\/#breadcrumb\",\"itemListElement\":[{\"@type\":\"ListItem\",\"position\":1,\"name\":\"Home\",\"item\":\"https:\/\/www.varo-inform.com\/ro\/\"},{\"@type\":\"ListItem\",\"position\":2,\"name\":\"Proiecte Informa\u021bionale\",\"item\":\"https:\/\/www.varo-inform.com\/ro\/proiecte-informationale\/\"},{\"@type\":\"ListItem\",\"position\":3,\"name\":\"Business Pages\"}]},{\"@type\":\"WebSite\",\"@id\":\"https:\/\/www.varo-inform.com\/#website\",\"url\":\"https:\/\/www.varo-inform.com\/\",\"name\":\"Varo-Inform\",\"description\":\"\u0420\u0435\u043a\u043b\u0430\u043c\u043d\u043e-\u0438\u043d\u0444\u043e\u0440\u043c\u0430\u0446\u0438\u043e\u043d\u043d\u043e\u0435 \u0430\u0433\u0435\u043d\u0442\u0441\u0442\u0432\u043e\",\"potentialAction\":[{\"@type\":\"SearchAction\",\"target\":{\"@type\":\"EntryPoint\",\"urlTemplate\":\"https:\/\/www.varo-inform.com\/?s={search_term_string}\"},\"query-input\":{\"@type\":\"PropertyValueSpecification\",\"valueRequired\":true,\"valueName\":\"search_term_string\"}}],\"inLanguage\":\"ro-RO\"}]}<\/script>\n<!-- \/ Yoast SEO plugin. -->","yoast_head_json":{"title":"Business Pages - Varo-Inform","robots":{"index":"index","follow":"follow","max-snippet":"max-snippet:-1","max-image-preview":"max-image-preview:large","max-video-preview":"max-video-preview:-1"},"canonical":"https:\/\/www.varo-inform.com\/ro\/proiecte-informationale\/business-pages\/","og_locale":"ro_RO","og_type":"article","og_title":"Business Pages - Varo-Inform","og_description":"Edi\u021bie specializat\u0103 despre \u0219i pentru afaceri Aici ve\u021bi g\u0103si cele mai recente \u0219tiri din domeniul industrial, financiar \u0219i economic din Moldova, precum \u0219i cele mai recente analize ale evenimentelor actuale [&hellip;]","og_url":"https:\/\/www.varo-inform.com\/ro\/proiecte-informationale\/business-pages\/","og_site_name":"Varo-Inform","article_publisher":"https:\/\/www.facebook.com\/varoinformsrl\/","article_modified_time":"2023-11-29T14:33:35+00:00","og_image":[{"width":1350,"height":737,"url":"https:\/\/www.varo-inform.com\/wp-content\/uploads\/2021\/12\/Business_Pages_ico1_3.png","type":"image\/png"}],"twitter_card":"summary_large_image","twitter_misc":{"Timp estimat pentru citire":"1 minut"},"schema":{"@context":"https:\/\/schema.org","@graph":[{"@type":"WebPage","@id":"https:\/\/www.varo-inform.com\/ro\/proiecte-informationale\/business-pages\/","url":"https:\/\/www.varo-inform.com\/ro\/proiecte-informationale\/business-pages\/","name":"Business Pages - Varo-Inform","isPartOf":{"@id":"https:\/\/www.varo-inform.com\/#website"},"primaryImageOfPage":{"@id":"https:\/\/www.varo-inform.com\/ro\/proiecte-informationale\/business-pages\/#primaryimage"},"image":{"@id":"https:\/\/www.varo-inform.com\/ro\/proiecte-informationale\/business-pages\/#primaryimage"},"thumbnailUrl":"https:\/\/www.varo-inform.com\/wp-content\/uploads\/2023\/11\/slider-bp.jpg","datePublished":"2017-03-26T07:28:12+00:00","dateModified":"2023-11-29T14:33:35+00:00","breadcrumb":{"@id":"https:\/\/www.varo-inform.com\/ro\/proiecte-informationale\/business-pages\/#breadcrumb"},"inLanguage":"ro-RO","potentialAction":[{"@type":"ReadAction","target":["https:\/\/www.varo-inform.com\/ro\/proiecte-informationale\/business-pages\/"]}]},{"@type":"ImageObject","inLanguage":"ro-RO","@id":"https:\/\/www.varo-inform.com\/ro\/proiecte-informationale\/business-pages\/#primaryimage","url":"https:\/\/www.varo-inform.com\/wp-content\/uploads\/2023\/11\/slider-bp.jpg","contentUrl":"https:\/\/www.varo-inform.com\/wp-content\/uploads\/2023\/11\/slider-bp.jpg","width":1920,"height":1280},{"@type":"BreadcrumbList","@id":"https:\/\/www.varo-inform.com\/ro\/proiecte-informationale\/business-pages\/#breadcrumb","itemListElement":[{"@type":"ListItem","position":1,"name":"Home","item":"https:\/\/www.varo-inform.com\/ro\/"},{"@type":"ListItem","position":2,"name":"Proiecte Informa\u021bionale","item":"https:\/\/www.varo-inform.com\/ro\/proiecte-informationale\/"},{"@type":"ListItem","position":3,"name":"Business Pages"}]},{"@type":"WebSite","@id":"https:\/\/www.varo-inform.com\/#website","url":"https:\/\/www.varo-inform.com\/","name":"Varo-Inform","description":"\u0420\u0435\u043a\u043b\u0430\u043c\u043d\u043e-\u0438\u043d\u0444\u043e\u0440\u043c\u0430\u0446\u0438\u043e\u043d\u043d\u043e\u0435 \u0430\u0433\u0435\u043d\u0442\u0441\u0442\u0432\u043e","potentialAction":[{"@type":"SearchAction","target":{"@type":"EntryPoint","urlTemplate":"https:\/\/www.varo-inform.com\/?s={search_term_string}"},"query-input":{"@type":"PropertyValueSpecification","valueRequired":true,"valueName":"search_term_string"}}],"inLanguage":"ro-RO"}]}},"_links":{"self":[{"href":"https:\/\/www.varo-inform.com\/ro\/wp-json\/wp\/v2\/pages\/5826","targetHints":{"allow":["GET"]}}],"collection":[{"href":"https:\/\/www.varo-inform.com\/ro\/wp-json\/wp\/v2\/pages"}],"about":[{"href":"https:\/\/www.varo-inform.com\/ro\/wp-json\/wp\/v2\/types\/page"}],"author":[{"embeddable":true,"href":"https:\/\/www.varo-inform.com\/ro\/wp-json\/wp\/v2\/users\/1"}],"replies":[{"embeddable":true,"href":"https:\/\/www.varo-inform.com\/ro\/wp-json\/wp\/v2\/comments?post=5826"}],"version-history":[{"count":10,"href":"https:\/\/www.varo-inform.com\/ro\/wp-json\/wp\/v2\/pages\/5826\/revisions"}],"predecessor-version":[{"id":6038,"href":"https:\/\/www.varo-inform.com\/ro\/wp-json\/wp\/v2\/pages\/5826\/revisions\/6038"}],"up":[{"embeddable":true,"href":"https:\/\/www.varo-inform.com\/ro\/wp-json\/wp\/v2\/pages\/4927"}],"wp:featuredmedia":[{"embeddable":true,"href":"https:\/\/www.varo-inform.com\/ro\/wp-json\/wp\/v2\/media\/6013"}],"wp:attachment":[{"href":"https:\/\/www.varo-inform.com\/ro\/wp-json\/wp\/v2\/media?parent=5826"}],"curies":[{"name":"wp","href":"https:\/\/api.w.org\/{rel}","templated":true}]}}