{"id":4957,"date":"2017-03-28T07:34:34","date_gmt":"2017-03-28T07:34:34","guid":{"rendered":"https:\/\/www.varo-inform.com\/baza-de-date-a-intreprinderilor-din-republica-moldova\/"},"modified":"2025-03-21T15:32:01","modified_gmt":"2025-03-21T12:32:01","slug":"baza-de-date-a-intreprinderilor-din-republica-moldova","status":"publish","type":"page","link":"https:\/\/www.varo-inform.com\/ro\/baza-de-date-a-intreprinderilor-din-republica-moldova\/","title":{"rendered":"Baza de date a companiilor din Republica Moldova"},"content":{"rendered":"<h1>Baza de date a companiilor din Republica Moldova<\/h1>\n<p><strong>Despre proiectul Baza de date a companiilor din Republica Moldova<\/strong><br \/>\nBaza de date \u201eVARO.MOLDOVA. Produc\u0103tori de produse \u0219i servicii\u00bb se completeaz\u0103 de c\u0103tre copmanie din anul 1992. Actualmente \u00een baz\u0103 sunt datele a aproximativ 16,5 de mii de companii ale Republicii Moldova.<br \/>\n<strong>Complexitatea datelor<\/strong><br \/>\nFiecare companie con\u021bine urm\u0103toarele date: denumirea, codul fiscal, adresa de facto, telefoane de contact, adresa de e-mail, adresa paginii web, numele conduc\u0103torului sau a altei persoane responsabile, domeniul de activitate, produse \u0219i servicii, filiale \u0219.a.*<em>Informa\u021bia despre conduc\u0103torul \u00eentreprinderii(NPP \u0219i datele de contact) este prezetat\u0103 \u00een volumul determinat de c\u0103tre acesta (\u00een conformitate cu \u201e Legea \u2116 133 din 08.07.2011 privind protec\u0163ia datelor cu caracter personal\u201d)<\/em>, de aceea, datele conducerii pot lipsi la unele \u00eentreprinderi din Baza de date.<br \/>\n<strong>La ce v\u0103 poate folosi informa\u021bia din Baza de date?<\/strong><br \/>\nInforma\u021bia este divizat\u0103 pe domenii de activitate, respectiv pute\u021bi face analize ale pie\u021bei mediului concuren\u021bial, s\u0103 face\u021bi adres\u0103ri\/apeluri direc\u021bionate poten\u021bialilor clien\u021bi sau parteneri, s\u0103 expedia\u021bi e-mail-uri \u00een mas\u0103, etc. Posibilit\u0103\u021bile de utilizare a informa\u021biei sunt determinate de c\u0103tre fiecare companie individual.<br \/>\n<strong>Cum se ob\u021bine informa\u021bia despre companii?<\/strong><br \/>\nO parte a informa\u021biei este publicat\u0103 pe site-ul <a href=\"http:\/\/www.ybp.md\">www.ybp.md<\/a>.\u00a0Dar dac\u0103 ave\u021bi nevoie s\u0103 v\u0103 folosi\u021bi sistematic de informa\u021bia deplin\u0103 \u0219i bine structurat\u0103, este cu mult mai comod s\u0103 folosi\u021bi informa\u021bia selectat\u0103 din baz\u0103.<br \/>\n<strong>Cum se face o selectare de date?<\/strong><br \/>\nSe transmite o solicitare pe po\u0219ta electronic\u0103 <a href=\"mailto:varo@varo-inform.com\" target=\"_blank\" rel=\"noopener\">varo@varo-inform.com<\/a>.<br \/>\n<strong>De ce este comod de a lucra cu informa\u021bia selectat\u0103?<\/strong><br \/>\n&#8211; Ob\u021binerea informa\u021biei actuale.<br \/>\n&#8211; Selectarea personalizat\u0103 conform cererii Dvs.<br \/>\n&#8211; Primirea datelor \u00een format Excel, ceea ce permite folosirea lor chiar \u0219i de colaboratori cu nivel \u00eencep\u0103tor.<br \/>\n<strong>Cum pute\u021bi modifica informa\u021bia \u00een Baza de date?<\/strong><br \/>\nTrimite\u021bi cererea cu datele corecte pe po\u0219ta electronic\u0103 <a href=\"mailto:varo@varo-inform.com\" target=\"_blank\" rel=\"noopener\">varo@varo-inform.com<\/a>.<\/p>\n<p>Cu \u00eentreb\u0103ri, ce \u021bin de Baza de date \u0219i selectarea informa\u021biei, pute\u021bi apela la num\u0103rul de telefon: +373 67661286 sau scrie\u021bi pe e-mail <a href=\"mailto:varo@varo-inform.com\" target=\"_blank\" rel=\"noopener\">varo@varo-inform.com<\/a><\/p>\n","protected":false},"excerpt":{"rendered":"<p>Baza de date a companiilor din Republica Moldova Despre proiectul Baza de date a companiilor din Republica Moldova Baza de date \u201eVARO.MOLDOVA. Produc\u0103tori de produse \u0219i servicii\u00bb se completeaz\u0103 de [&hellip;]<\/p>\n<p><a href=\"https:\/\/www.varo-inform.com\/ro\/baza-de-date-a-intreprinderilor-din-republica-moldova\/\" class=\"more-link style1-button\">Read More<\/a><\/p>","protected":false},"author":1,"featured_media":5991,"parent":0,"menu_order":0,"comment_status":"closed","ping_status":"closed","template":"template-default.php","meta":{"_acf_changed":false,"footnotes":""},"class_list":["post-4957","page","type-page","status-publish","has-post-thumbnail","hentry"],"acf":[],"yoast_head":"<!-- This site is optimized with the Yoast SEO plugin v24.7 - https:\/\/yoast.com\/wordpress\/plugins\/seo\/ -->\n<title>Baza de date a companiilor din Republica Moldova - Varo-Inform<\/title>\n<meta name=\"robots\" content=\"index, follow, max-snippet:-1, max-image-preview:large, max-video-preview:-1\" \/>\n<link rel=\"canonical\" href=\"https:\/\/www.varo-inform.com\/ro\/baza-de-date-a-intreprinderilor-din-republica-moldova\/\" \/>\n<meta property=\"og:locale\" content=\"ro_RO\" \/>\n<meta property=\"og:type\" content=\"article\" \/>\n<meta property=\"og:title\" content=\"Baza de date a companiilor din Republica Moldova - Varo-Inform\" \/>\n<meta property=\"og:description\" content=\"Baza de date a companiilor din Republica Moldova Despre proiectul Baza de date a companiilor din Republica Moldova Baza de date \u201eVARO.MOLDOVA. Produc\u0103tori de produse \u0219i servicii\u00bb se completeaz\u0103 de [&hellip;]\" \/>\n<meta property=\"og:url\" content=\"https:\/\/www.varo-inform.com\/ro\/baza-de-date-a-intreprinderilor-din-republica-moldova\/\" \/>\n<meta property=\"og:site_name\" content=\"Varo-Inform\" \/>\n<meta property=\"article:publisher\" content=\"https:\/\/www.facebook.com\/varoinformsrl\/\" \/>\n<meta property=\"article:modified_time\" content=\"2025-03-21T12:32:01+00:00\" \/>\n<meta property=\"og:image\" content=\"https:\/\/www.varo-inform.com\/wp-content\/uploads\/2023\/11\/Baza-de-date-varo.jpg\" \/>\n\t<meta property=\"og:image:width\" content=\"1680\" \/>\n\t<meta property=\"og:image:height\" content=\"1050\" \/>\n\t<meta property=\"og:image:type\" content=\"image\/jpeg\" \/>\n<meta name=\"twitter:card\" content=\"summary_large_image\" \/>\n<meta name=\"twitter:label1\" content=\"Timp estimat pentru citire\" \/>\n\t<meta name=\"twitter:data1\" content=\"2 minute\" \/>\n<script type=\"application\/ld+json\" class=\"yoast-schema-graph\">{\"@context\":\"https:\/\/schema.org\",\"@graph\":[{\"@type\":\"WebPage\",\"@id\":\"https:\/\/www.varo-inform.com\/ro\/baza-de-date-a-intreprinderilor-din-republica-moldova\/\",\"url\":\"https:\/\/www.varo-inform.com\/ro\/baza-de-date-a-intreprinderilor-din-republica-moldova\/\",\"name\":\"Baza de date a companiilor din Republica Moldova - Varo-Inform\",\"isPartOf\":{\"@id\":\"https:\/\/www.varo-inform.com\/#website\"},\"primaryImageOfPage\":{\"@id\":\"https:\/\/www.varo-inform.com\/ro\/baza-de-date-a-intreprinderilor-din-republica-moldova\/#primaryimage\"},\"image\":{\"@id\":\"https:\/\/www.varo-inform.com\/ro\/baza-de-date-a-intreprinderilor-din-republica-moldova\/#primaryimage\"},\"thumbnailUrl\":\"https:\/\/www.varo-inform.com\/wp-content\/uploads\/2023\/11\/Baza-de-date-varo.jpg\",\"datePublished\":\"2017-03-28T07:34:34+00:00\",\"dateModified\":\"2025-03-21T12:32:01+00:00\",\"breadcrumb\":{\"@id\":\"https:\/\/www.varo-inform.com\/ro\/baza-de-date-a-intreprinderilor-din-republica-moldova\/#breadcrumb\"},\"inLanguage\":\"ro-RO\",\"potentialAction\":[{\"@type\":\"ReadAction\",\"target\":[\"https:\/\/www.varo-inform.com\/ro\/baza-de-date-a-intreprinderilor-din-republica-moldova\/\"]}]},{\"@type\":\"ImageObject\",\"inLanguage\":\"ro-RO\",\"@id\":\"https:\/\/www.varo-inform.com\/ro\/baza-de-date-a-intreprinderilor-din-republica-moldova\/#primaryimage\",\"url\":\"https:\/\/www.varo-inform.com\/wp-content\/uploads\/2023\/11\/Baza-de-date-varo.jpg\",\"contentUrl\":\"https:\/\/www.varo-inform.com\/wp-content\/uploads\/2023\/11\/Baza-de-date-varo.jpg\",\"width\":1680,\"height\":1050},{\"@type\":\"BreadcrumbList\",\"@id\":\"https:\/\/www.varo-inform.com\/ro\/baza-de-date-a-intreprinderilor-din-republica-moldova\/#breadcrumb\",\"itemListElement\":[{\"@type\":\"ListItem\",\"position\":1,\"name\":\"Home\",\"item\":\"https:\/\/www.varo-inform.com\/ro\/\"},{\"@type\":\"ListItem\",\"position\":2,\"name\":\"Baza de date a companiilor din Republica Moldova\"}]},{\"@type\":\"WebSite\",\"@id\":\"https:\/\/www.varo-inform.com\/#website\",\"url\":\"https:\/\/www.varo-inform.com\/\",\"name\":\"Varo-Inform\",\"description\":\"\u0420\u0435\u043a\u043b\u0430\u043c\u043d\u043e-\u0438\u043d\u0444\u043e\u0440\u043c\u0430\u0446\u0438\u043e\u043d\u043d\u043e\u0435 \u0430\u0433\u0435\u043d\u0442\u0441\u0442\u0432\u043e\",\"potentialAction\":[{\"@type\":\"SearchAction\",\"target\":{\"@type\":\"EntryPoint\",\"urlTemplate\":\"https:\/\/www.varo-inform.com\/?s={search_term_string}\"},\"query-input\":{\"@type\":\"PropertyValueSpecification\",\"valueRequired\":true,\"valueName\":\"search_term_string\"}}],\"inLanguage\":\"ro-RO\"}]}<\/script>\n<!-- \/ Yoast SEO plugin. -->","yoast_head_json":{"title":"Baza de date a companiilor din Republica Moldova - Varo-Inform","robots":{"index":"index","follow":"follow","max-snippet":"max-snippet:-1","max-image-preview":"max-image-preview:large","max-video-preview":"max-video-preview:-1"},"canonical":"https:\/\/www.varo-inform.com\/ro\/baza-de-date-a-intreprinderilor-din-republica-moldova\/","og_locale":"ro_RO","og_type":"article","og_title":"Baza de date a companiilor din Republica Moldova - Varo-Inform","og_description":"Baza de date a companiilor din Republica Moldova Despre proiectul Baza de date a companiilor din Republica Moldova Baza de date \u201eVARO.MOLDOVA. Produc\u0103tori de produse \u0219i servicii\u00bb se completeaz\u0103 de [&hellip;]","og_url":"https:\/\/www.varo-inform.com\/ro\/baza-de-date-a-intreprinderilor-din-republica-moldova\/","og_site_name":"Varo-Inform","article_publisher":"https:\/\/www.facebook.com\/varoinformsrl\/","article_modified_time":"2025-03-21T12:32:01+00:00","og_image":[{"width":1680,"height":1050,"url":"https:\/\/www.varo-inform.com\/wp-content\/uploads\/2023\/11\/Baza-de-date-varo.jpg","type":"image\/jpeg"}],"twitter_card":"summary_large_image","twitter_misc":{"Timp estimat pentru citire":"2 minute"},"schema":{"@context":"https:\/\/schema.org","@graph":[{"@type":"WebPage","@id":"https:\/\/www.varo-inform.com\/ro\/baza-de-date-a-intreprinderilor-din-republica-moldova\/","url":"https:\/\/www.varo-inform.com\/ro\/baza-de-date-a-intreprinderilor-din-republica-moldova\/","name":"Baza de date a companiilor din Republica Moldova - Varo-Inform","isPartOf":{"@id":"https:\/\/www.varo-inform.com\/#website"},"primaryImageOfPage":{"@id":"https:\/\/www.varo-inform.com\/ro\/baza-de-date-a-intreprinderilor-din-republica-moldova\/#primaryimage"},"image":{"@id":"https:\/\/www.varo-inform.com\/ro\/baza-de-date-a-intreprinderilor-din-republica-moldova\/#primaryimage"},"thumbnailUrl":"https:\/\/www.varo-inform.com\/wp-content\/uploads\/2023\/11\/Baza-de-date-varo.jpg","datePublished":"2017-03-28T07:34:34+00:00","dateModified":"2025-03-21T12:32:01+00:00","breadcrumb":{"@id":"https:\/\/www.varo-inform.com\/ro\/baza-de-date-a-intreprinderilor-din-republica-moldova\/#breadcrumb"},"inLanguage":"ro-RO","potentialAction":[{"@type":"ReadAction","target":["https:\/\/www.varo-inform.com\/ro\/baza-de-date-a-intreprinderilor-din-republica-moldova\/"]}]},{"@type":"ImageObject","inLanguage":"ro-RO","@id":"https:\/\/www.varo-inform.com\/ro\/baza-de-date-a-intreprinderilor-din-republica-moldova\/#primaryimage","url":"https:\/\/www.varo-inform.com\/wp-content\/uploads\/2023\/11\/Baza-de-date-varo.jpg","contentUrl":"https:\/\/www.varo-inform.com\/wp-content\/uploads\/2023\/11\/Baza-de-date-varo.jpg","width":1680,"height":1050},{"@type":"BreadcrumbList","@id":"https:\/\/www.varo-inform.com\/ro\/baza-de-date-a-intreprinderilor-din-republica-moldova\/#breadcrumb","itemListElement":[{"@type":"ListItem","position":1,"name":"Home","item":"https:\/\/www.varo-inform.com\/ro\/"},{"@type":"ListItem","position":2,"name":"Baza de date a companiilor din Republica Moldova"}]},{"@type":"WebSite","@id":"https:\/\/www.varo-inform.com\/#website","url":"https:\/\/www.varo-inform.com\/","name":"Varo-Inform","description":"\u0420\u0435\u043a\u043b\u0430\u043c\u043d\u043e-\u0438\u043d\u0444\u043e\u0440\u043c\u0430\u0446\u0438\u043e\u043d\u043d\u043e\u0435 \u0430\u0433\u0435\u043d\u0442\u0441\u0442\u0432\u043e","potentialAction":[{"@type":"SearchAction","target":{"@type":"EntryPoint","urlTemplate":"https:\/\/www.varo-inform.com\/?s={search_term_string}"},"query-input":{"@type":"PropertyValueSpecification","valueRequired":true,"valueName":"search_term_string"}}],"inLanguage":"ro-RO"}]}},"_links":{"self":[{"href":"https:\/\/www.varo-inform.com\/ro\/wp-json\/wp\/v2\/pages\/4957","targetHints":{"allow":["GET"]}}],"collection":[{"href":"https:\/\/www.varo-inform.com\/ro\/wp-json\/wp\/v2\/pages"}],"about":[{"href":"https:\/\/www.varo-inform.com\/ro\/wp-json\/wp\/v2\/types\/page"}],"author":[{"embeddable":true,"href":"https:\/\/www.varo-inform.com\/ro\/wp-json\/wp\/v2\/users\/1"}],"replies":[{"embeddable":true,"href":"https:\/\/www.varo-inform.com\/ro\/wp-json\/wp\/v2\/comments?post=4957"}],"version-history":[{"count":13,"href":"https:\/\/www.varo-inform.com\/ro\/wp-json\/wp\/v2\/pages\/4957\/revisions"}],"predecessor-version":[{"id":6088,"href":"https:\/\/www.varo-inform.com\/ro\/wp-json\/wp\/v2\/pages\/4957\/revisions\/6088"}],"wp:featuredmedia":[{"embeddable":true,"href":"https:\/\/www.varo-inform.com\/ro\/wp-json\/wp\/v2\/media\/5991"}],"wp:attachment":[{"href":"https:\/\/www.varo-inform.com\/ro\/wp-json\/wp\/v2\/media?parent=4957"}],"curies":[{"name":"wp","href":"https:\/\/api.w.org\/{rel}","templated":true}]}}