{"id":4954,"date":"2017-03-27T15:15:44","date_gmt":"2017-03-27T15:15:44","guid":{"rendered":"https:\/\/www.varo-inform.com\/alo-capitala\/"},"modified":"2023-11-29T14:42:43","modified_gmt":"2023-11-29T11:42:43","slug":"alo-capitala","status":"publish","type":"page","link":"https:\/\/www.varo-inform.com\/ro\/proiecte-informationale\/alo-capitala\/","title":{"rendered":"Alo Capitala"},"content":{"rendered":"<h1>Alo Capitala<\/h1>\n<p>Alo Capitala &#8211; o platform\u0103 care s\u0103 ne transforme \u0219i s\u0103 ne ajute la atingerea obiectivului principal de a ac\u021biona ca o comunitate.<\/p>\n<p>Ne vom implica mai mult \u0219i vom da importan\u021b\u0103 la tot ce formeaz\u0103 via\u021ba unei urbe, \u00eencep\u00e2nd cu munca unui m\u0103tur\u0103tor p\u00e2n\u0103 la decizii importante din Consiliul municipal Chi\u0219in\u0103u.<\/p>\n<p>Devenim o verig\u0103 important\u0103 de comunicare dintre prim\u0103ria capitalei \u0219i cet\u0103\u021beni. Un platou de crea\u021bie \u0219i ingeniozitate, unde fiecare se va reg\u0103si \u0219i va reu\u0219i s\u0103 afle ceea ce \u00eel intereseaz\u0103.<\/p>\n<p>Vom monitoriza toate preturile si \u00eentreprinderile municipale, vom \u021bine pulsul pe realiz\u0103rile institu\u021biilor de stat care activeaz\u0103 \u00een ora\u0219. Vom oferi un spa\u021biu unic de comunicare \u00eentre noi, ca s\u0103 devenim o societate unit\u0103.<\/p>\n","protected":false},"excerpt":{"rendered":"<p>Alo Capitala Alo Capitala &#8211; o platform\u0103 care s\u0103 ne transforme \u0219i s\u0103 ne ajute la atingerea obiectivului principal de a ac\u021biona ca o comunitate. Ne vom implica mai mult [&hellip;]<\/p>\n<p><a href=\"https:\/\/www.varo-inform.com\/ro\/proiecte-informationale\/alo-capitala\/\" class=\"more-link style1-button\">Read More<\/a><\/p>","protected":false},"author":1,"featured_media":6009,"parent":4927,"menu_order":0,"comment_status":"closed","ping_status":"closed","template":"template-default.php","meta":{"_acf_changed":false,"footnotes":""},"class_list":["post-4954","page","type-page","status-publish","has-post-thumbnail","hentry"],"acf":[],"yoast_head":"<!-- This site is optimized with the Yoast SEO plugin v24.7 - https:\/\/yoast.com\/wordpress\/plugins\/seo\/ -->\n<title>Alo Capitala - Varo-Inform<\/title>\n<meta name=\"robots\" content=\"index, follow, max-snippet:-1, max-image-preview:large, max-video-preview:-1\" \/>\n<link rel=\"canonical\" href=\"https:\/\/www.varo-inform.com\/ro\/proiecte-informationale\/alo-capitala\/\" \/>\n<meta property=\"og:locale\" content=\"ro_RO\" \/>\n<meta property=\"og:type\" content=\"article\" \/>\n<meta property=\"og:title\" content=\"Alo Capitala - Varo-Inform\" \/>\n<meta property=\"og:description\" content=\"Alo Capitala Alo Capitala &#8211; o platform\u0103 care s\u0103 ne transforme \u0219i s\u0103 ne ajute la atingerea obiectivului principal de a ac\u021biona ca o comunitate. Ne vom implica mai mult [&hellip;]\" \/>\n<meta property=\"og:url\" content=\"https:\/\/www.varo-inform.com\/ro\/proiecte-informationale\/alo-capitala\/\" \/>\n<meta property=\"og:site_name\" content=\"Varo-Inform\" \/>\n<meta property=\"article:publisher\" content=\"https:\/\/www.facebook.com\/varoinformsrl\/\" \/>\n<meta property=\"article:modified_time\" content=\"2023-11-29T11:42:43+00:00\" \/>\n<meta property=\"og:image\" content=\"https:\/\/www.varo-inform.com\/wp-content\/uploads\/2021\/12\/\u0444\u043e\u043d-scaled.jpg\" \/>\n\t<meta property=\"og:image:width\" content=\"2560\" \/>\n\t<meta property=\"og:image:height\" content=\"1612\" \/>\n\t<meta property=\"og:image:type\" content=\"image\/jpeg\" \/>\n<meta name=\"twitter:card\" content=\"summary_large_image\" \/>\n<meta name=\"twitter:label1\" content=\"Timp estimat pentru citire\" \/>\n\t<meta name=\"twitter:data1\" content=\"1 minut\" \/>\n<script type=\"application\/ld+json\" class=\"yoast-schema-graph\">{\"@context\":\"https:\/\/schema.org\",\"@graph\":[{\"@type\":\"WebPage\",\"@id\":\"https:\/\/www.varo-inform.com\/ro\/proiecte-informationale\/alo-capitala\/\",\"url\":\"https:\/\/www.varo-inform.com\/ro\/proiecte-informationale\/alo-capitala\/\",\"name\":\"Alo Capitala - Varo-Inform\",\"isPartOf\":{\"@id\":\"https:\/\/www.varo-inform.com\/#website\"},\"primaryImageOfPage\":{\"@id\":\"https:\/\/www.varo-inform.com\/ro\/proiecte-informationale\/alo-capitala\/#primaryimage\"},\"image\":{\"@id\":\"https:\/\/www.varo-inform.com\/ro\/proiecte-informationale\/alo-capitala\/#primaryimage\"},\"thumbnailUrl\":\"https:\/\/www.varo-inform.com\/wp-content\/uploads\/2023\/11\/slider-c.jpg\",\"datePublished\":\"2017-03-27T15:15:44+00:00\",\"dateModified\":\"2023-11-29T11:42:43+00:00\",\"breadcrumb\":{\"@id\":\"https:\/\/www.varo-inform.com\/ro\/proiecte-informationale\/alo-capitala\/#breadcrumb\"},\"inLanguage\":\"ro-RO\",\"potentialAction\":[{\"@type\":\"ReadAction\",\"target\":[\"https:\/\/www.varo-inform.com\/ro\/proiecte-informationale\/alo-capitala\/\"]}]},{\"@type\":\"ImageObject\",\"inLanguage\":\"ro-RO\",\"@id\":\"https:\/\/www.varo-inform.com\/ro\/proiecte-informationale\/alo-capitala\/#primaryimage\",\"url\":\"https:\/\/www.varo-inform.com\/wp-content\/uploads\/2023\/11\/slider-c.jpg\",\"contentUrl\":\"https:\/\/www.varo-inform.com\/wp-content\/uploads\/2023\/11\/slider-c.jpg\",\"width\":1302,\"height\":869},{\"@type\":\"BreadcrumbList\",\"@id\":\"https:\/\/www.varo-inform.com\/ro\/proiecte-informationale\/alo-capitala\/#breadcrumb\",\"itemListElement\":[{\"@type\":\"ListItem\",\"position\":1,\"name\":\"Home\",\"item\":\"https:\/\/www.varo-inform.com\/ro\/\"},{\"@type\":\"ListItem\",\"position\":2,\"name\":\"Proiecte Informa\u021bionale\",\"item\":\"https:\/\/www.varo-inform.com\/ro\/proiecte-informationale\/\"},{\"@type\":\"ListItem\",\"position\":3,\"name\":\"Alo Capitala\"}]},{\"@type\":\"WebSite\",\"@id\":\"https:\/\/www.varo-inform.com\/#website\",\"url\":\"https:\/\/www.varo-inform.com\/\",\"name\":\"Varo-Inform\",\"description\":\"\u0420\u0435\u043a\u043b\u0430\u043c\u043d\u043e-\u0438\u043d\u0444\u043e\u0440\u043c\u0430\u0446\u0438\u043e\u043d\u043d\u043e\u0435 \u0430\u0433\u0435\u043d\u0442\u0441\u0442\u0432\u043e\",\"potentialAction\":[{\"@type\":\"SearchAction\",\"target\":{\"@type\":\"EntryPoint\",\"urlTemplate\":\"https:\/\/www.varo-inform.com\/?s={search_term_string}\"},\"query-input\":{\"@type\":\"PropertyValueSpecification\",\"valueRequired\":true,\"valueName\":\"search_term_string\"}}],\"inLanguage\":\"ro-RO\"}]}<\/script>\n<!-- \/ Yoast SEO plugin. -->","yoast_head_json":{"title":"Alo Capitala - Varo-Inform","robots":{"index":"index","follow":"follow","max-snippet":"max-snippet:-1","max-image-preview":"max-image-preview:large","max-video-preview":"max-video-preview:-1"},"canonical":"https:\/\/www.varo-inform.com\/ro\/proiecte-informationale\/alo-capitala\/","og_locale":"ro_RO","og_type":"article","og_title":"Alo Capitala - Varo-Inform","og_description":"Alo Capitala Alo Capitala &#8211; o platform\u0103 care s\u0103 ne transforme \u0219i s\u0103 ne ajute la atingerea obiectivului principal de a ac\u021biona ca o comunitate. Ne vom implica mai mult [&hellip;]","og_url":"https:\/\/www.varo-inform.com\/ro\/proiecte-informationale\/alo-capitala\/","og_site_name":"Varo-Inform","article_publisher":"https:\/\/www.facebook.com\/varoinformsrl\/","article_modified_time":"2023-11-29T11:42:43+00:00","og_image":[{"width":2560,"height":1612,"url":"https:\/\/www.varo-inform.com\/wp-content\/uploads\/2021\/12\/\u0444\u043e\u043d-scaled.jpg","type":"image\/jpeg"}],"twitter_card":"summary_large_image","twitter_misc":{"Timp estimat pentru citire":"1 minut"},"schema":{"@context":"https:\/\/schema.org","@graph":[{"@type":"WebPage","@id":"https:\/\/www.varo-inform.com\/ro\/proiecte-informationale\/alo-capitala\/","url":"https:\/\/www.varo-inform.com\/ro\/proiecte-informationale\/alo-capitala\/","name":"Alo Capitala - Varo-Inform","isPartOf":{"@id":"https:\/\/www.varo-inform.com\/#website"},"primaryImageOfPage":{"@id":"https:\/\/www.varo-inform.com\/ro\/proiecte-informationale\/alo-capitala\/#primaryimage"},"image":{"@id":"https:\/\/www.varo-inform.com\/ro\/proiecte-informationale\/alo-capitala\/#primaryimage"},"thumbnailUrl":"https:\/\/www.varo-inform.com\/wp-content\/uploads\/2023\/11\/slider-c.jpg","datePublished":"2017-03-27T15:15:44+00:00","dateModified":"2023-11-29T11:42:43+00:00","breadcrumb":{"@id":"https:\/\/www.varo-inform.com\/ro\/proiecte-informationale\/alo-capitala\/#breadcrumb"},"inLanguage":"ro-RO","potentialAction":[{"@type":"ReadAction","target":["https:\/\/www.varo-inform.com\/ro\/proiecte-informationale\/alo-capitala\/"]}]},{"@type":"ImageObject","inLanguage":"ro-RO","@id":"https:\/\/www.varo-inform.com\/ro\/proiecte-informationale\/alo-capitala\/#primaryimage","url":"https:\/\/www.varo-inform.com\/wp-content\/uploads\/2023\/11\/slider-c.jpg","contentUrl":"https:\/\/www.varo-inform.com\/wp-content\/uploads\/2023\/11\/slider-c.jpg","width":1302,"height":869},{"@type":"BreadcrumbList","@id":"https:\/\/www.varo-inform.com\/ro\/proiecte-informationale\/alo-capitala\/#breadcrumb","itemListElement":[{"@type":"ListItem","position":1,"name":"Home","item":"https:\/\/www.varo-inform.com\/ro\/"},{"@type":"ListItem","position":2,"name":"Proiecte Informa\u021bionale","item":"https:\/\/www.varo-inform.com\/ro\/proiecte-informationale\/"},{"@type":"ListItem","position":3,"name":"Alo Capitala"}]},{"@type":"WebSite","@id":"https:\/\/www.varo-inform.com\/#website","url":"https:\/\/www.varo-inform.com\/","name":"Varo-Inform","description":"\u0420\u0435\u043a\u043b\u0430\u043c\u043d\u043e-\u0438\u043d\u0444\u043e\u0440\u043c\u0430\u0446\u0438\u043e\u043d\u043d\u043e\u0435 \u0430\u0433\u0435\u043d\u0442\u0441\u0442\u0432\u043e","potentialAction":[{"@type":"SearchAction","target":{"@type":"EntryPoint","urlTemplate":"https:\/\/www.varo-inform.com\/?s={search_term_string}"},"query-input":{"@type":"PropertyValueSpecification","valueRequired":true,"valueName":"search_term_string"}}],"inLanguage":"ro-RO"}]}},"_links":{"self":[{"href":"https:\/\/www.varo-inform.com\/ro\/wp-json\/wp\/v2\/pages\/4954","targetHints":{"allow":["GET"]}}],"collection":[{"href":"https:\/\/www.varo-inform.com\/ro\/wp-json\/wp\/v2\/pages"}],"about":[{"href":"https:\/\/www.varo-inform.com\/ro\/wp-json\/wp\/v2\/types\/page"}],"author":[{"embeddable":true,"href":"https:\/\/www.varo-inform.com\/ro\/wp-json\/wp\/v2\/users\/1"}],"replies":[{"embeddable":true,"href":"https:\/\/www.varo-inform.com\/ro\/wp-json\/wp\/v2\/comments?post=4954"}],"version-history":[{"count":14,"href":"https:\/\/www.varo-inform.com\/ro\/wp-json\/wp\/v2\/pages\/4954\/revisions"}],"predecessor-version":[{"id":6020,"href":"https:\/\/www.varo-inform.com\/ro\/wp-json\/wp\/v2\/pages\/4954\/revisions\/6020"}],"up":[{"embeddable":true,"href":"https:\/\/www.varo-inform.com\/ro\/wp-json\/wp\/v2\/pages\/4927"}],"wp:featuredmedia":[{"embeddable":true,"href":"https:\/\/www.varo-inform.com\/ro\/wp-json\/wp\/v2\/media\/6009"}],"wp:attachment":[{"href":"https:\/\/www.varo-inform.com\/ro\/wp-json\/wp\/v2\/media?parent=4954"}],"curies":[{"name":"wp","href":"https:\/\/api.w.org\/{rel}","templated":true}]}}